{"id":10,"date":"2018-11-08T08:38:29","date_gmt":"2018-11-08T07:38:29","guid":{"rendered":"https:\/\/www.msjevany.cz\/?page_id=10"},"modified":"2023-09-05T13:44:31","modified_gmt":"2023-09-05T11:44:31","slug":"co-deti-potrebuji-do-skolky","status":"publish","type":"page","link":"https:\/\/www.msjevany.cz\/?page_id=10","title":{"rendered":"Co d\u011bti pot\u0159ebuj\u00ed do \u0161kolky"},"content":{"rendered":"\n<ul class=\"wp-block-list\"><li>N\u00e1hradn\u00ed oble\u010den\u00ed (tepl\u00e1ky, pono\u017eky, pun\u010doch\u00e1\u010de, tri\u010dko, spodn\u00ed pr\u00e1dlo)<\/li><li>py\u017eamo<\/li><li>ba\u010dkory nebo\u00a0sand\u00e1ly s pevnou patou (ne pantofle ani &#8222;Crocsy&#8220;)<\/li><li>holinky<\/li><li>pl\u00e1\u0161t\u011bnku<\/li><li>tepl\u00e1ky\/leg\u00edny na ven<\/li><li>2x um\u011blohmotn\u00fd kel\u00edmek<\/li><li>1x balen\u00ed toaletn\u00edho pap\u00edru (pros\u00edme 2-vrstv\u00fd,), 2x balen\u00ed pap\u00edrov\u00fdch kapesn\u00edk\u016f<\/li><li>pytel na ram\u00ednko<br><br><strong>Oble\u010den\u00ed a kel\u00edmky je nutn\u00e9 podepsat!<\/strong><\/li><\/ul>\n\n\n\n<p><\/p>\n\n\n\n<p><\/p>\n\n\n\n<p><\/p>\n\n\n\n<h2 class=\"wp-block-heading\"><\/h2>\n\n\n\n<p><\/p>\n\n\n\n<p><\/p>\n\n\n\n<p><\/p>\n\n\n\n<p><\/p>\n\n\n\n<p><\/p>\n\n\n\n<p><\/p>\n\n\n\n<p><\/p>\n\n\n\n<p><\/p>\n\n\n\n<p><\/p>\n\n\n\n<p><\/p>\n","protected":false},"excerpt":{"rendered":"<p>N\u00e1hradn\u00ed oble\u010den\u00ed (tepl\u00e1ky, pono\u017eky, pun\u010doch\u00e1\u010de, tri\u010dko, spodn\u00ed pr\u00e1dlo) py\u017eamo ba\u010dkory nebo\u00a0sand\u00e1ly s pevnou patou (ne pantofle ani &#8222;Crocsy&#8220;) holinky pl\u00e1\u0161t\u011bnku tepl\u00e1ky\/leg\u00edny na ven 2x um\u011blohmotn\u00fd kel\u00edmek 1x balen\u00ed toaletn\u00edho pap\u00edru (pros\u00edme 2-vrstv\u00fd,), 2x balen\u00ed pap\u00edrov\u00fdch kapesn\u00edk\u016f pytel na ram\u00ednko Oble\u010den\u00ed<\/p>\n","protected":false},"author":2,"featured_media":0,"parent":29,"menu_order":11,"comment_status":"closed","ping_status":"closed","template":"","meta":{"footnotes":""},"class_list":["post-10","page","type-page","status-publish","hentry"],"_links":{"self":[{"href":"https:\/\/www.msjevany.cz\/index.php?rest_route=\/wp\/v2\/pages\/10","targetHints":{"allow":["GET"]}}],"collection":[{"href":"https:\/\/www.msjevany.cz\/index.php?rest_route=\/wp\/v2\/pages"}],"about":[{"href":"https:\/\/www.msjevany.cz\/index.php?rest_route=\/wp\/v2\/types\/page"}],"author":[{"embeddable":true,"href":"https:\/\/www.msjevany.cz\/index.php?rest_route=\/wp\/v2\/users\/2"}],"replies":[{"embeddable":true,"href":"https:\/\/www.msjevany.cz\/index.php?rest_route=%2Fwp%2Fv2%2Fcomments&post=10"}],"version-history":[{"count":5,"href":"https:\/\/www.msjevany.cz\/index.php?rest_route=\/wp\/v2\/pages\/10\/revisions"}],"predecessor-version":[{"id":4706,"href":"https:\/\/www.msjevany.cz\/index.php?rest_route=\/wp\/v2\/pages\/10\/revisions\/4706"}],"up":[{"embeddable":true,"href":"https:\/\/www.msjevany.cz\/index.php?rest_route=\/wp\/v2\/pages\/29"}],"wp:attachment":[{"href":"https:\/\/www.msjevany.cz\/index.php?rest_route=%2Fwp%2Fv2%2Fmedia&parent=10"}],"curies":[{"name":"wp","href":"https:\/\/api.w.org\/{rel}","templated":true}]}}