{"id":2170,"date":"2021-03-18T15:00:04","date_gmt":"2021-03-18T14:00:04","guid":{"rendered":"https:\/\/www.msjevany.cz\/?page_id=2170"},"modified":"2026-02-24T12:53:52","modified_gmt":"2026-02-24T11:53:52","slug":"zapis-2023-2023","status":"publish","type":"page","link":"https:\/\/www.msjevany.cz\/?page_id=2170","title":{"rendered":"Z\u00e1pis 2026\/2027"},"content":{"rendered":"\n<p>V\u00e1\u017een\u00ed rodi\u010de,<\/p>\n\n\n\n<p>pro usnadn\u011bn\u00ed a <strong>urychlen\u00ed z\u00e1pisu<\/strong> Va\u0161eho d\u00edt\u011bte do na\u0161\u00ed mate\u0159sk\u00e9 \u0161koly m\u016f\u017eete vyu\u017e\u00edt <strong>Elektronick\u00e9ho p\u0159edz\u00e1pisu<\/strong>. Na webu: <strong>www.elektronickypredzapis.cz<\/strong> sta\u010d\u00ed vyhledat na\u0161\u00ed mate\u0159skou \u0161kolu, zaregistrovat se a p\u0159edzapsat se do n\u00ed. Je tak\u00e9 mo\u017eno vyu\u017e\u00edt p\u0159\u00edm\u00fd odkaz na informa\u010dn\u00ed str\u00e1nku na\u0161\u00ed mate\u0159sk\u00e9 \u0161koly:<\/p>\n\n\n\n<p><a href=\"https:\/\/elektronickypredzapis.cz\/materska-skola\/jevany\">https:\/\/elektronickypredzapis.cz\/materska-skola\/jevany<\/a><\/p>\n\n\n\n<p>D\u00e1le V\u00e1s program navede, jak\u00e9 dal\u0161\u00ed kroky je pot\u0159eba podniknout (tisk vypln\u011bn\u00e9 \u017e\u00e1dosti, n\u00e1v\u0161t\u011bva l\u00e9ka\u0159e) a v\u0161e pot\u0159ebn\u00e9 doru\u010dit do M\u0160 stanoven\u00fdm zp\u016fsobem v term\u00ednu \u0159\u00e1dn\u00e9ho z\u00e1pisu.<\/p>\n\n\n\n<p>V syst\u00e9mu Elektronick\u00e9ho p\u0159edz\u00e1pisu m\u016f\u017eete tak\u00e9 prov\u00e9st rezervaci p\u0159esn\u00e9ho term\u00ednu doru\u010den\u00ed Va\u0161\u00ed \u017e\u00e1dosti do mate\u0159sk\u00e9 \u0161koly. Cel\u00fd proces z\u00e1pisu se t\u00edm v\u00fdrazn\u011b urychl\u00ed.<\/p>\n\n\n\n<p><\/p>\n","protected":false},"excerpt":{"rendered":"<p>V\u00e1\u017een\u00ed rodi\u010de, pro usnadn\u011bn\u00ed a urychlen\u00ed z\u00e1pisu Va\u0161eho d\u00edt\u011bte do na\u0161\u00ed mate\u0159sk\u00e9 \u0161koly m\u016f\u017eete vyu\u017e\u00edt Elektronick\u00e9ho p\u0159edz\u00e1pisu. Na webu: www.elektronickypredzapis.cz sta\u010d\u00ed vyhledat na\u0161\u00ed mate\u0159skou \u0161kolu, zaregistrovat se a p\u0159edzapsat se do n\u00ed. Je tak\u00e9 mo\u017eno vyu\u017e\u00edt p\u0159\u00edm\u00fd odkaz na informa\u010dn\u00ed<\/p>\n","protected":false},"author":2,"featured_media":0,"parent":0,"menu_order":0,"comment_status":"closed","ping_status":"closed","template":"","meta":{"footnotes":""},"class_list":["post-2170","page","type-page","status-publish","hentry"],"_links":{"self":[{"href":"https:\/\/www.msjevany.cz\/index.php?rest_route=\/wp\/v2\/pages\/2170","targetHints":{"allow":["GET"]}}],"collection":[{"href":"https:\/\/www.msjevany.cz\/index.php?rest_route=\/wp\/v2\/pages"}],"about":[{"href":"https:\/\/www.msjevany.cz\/index.php?rest_route=\/wp\/v2\/types\/page"}],"author":[{"embeddable":true,"href":"https:\/\/www.msjevany.cz\/index.php?rest_route=\/wp\/v2\/users\/2"}],"replies":[{"embeddable":true,"href":"https:\/\/www.msjevany.cz\/index.php?rest_route=%2Fwp%2Fv2%2Fcomments&post=2170"}],"version-history":[{"count":62,"href":"https:\/\/www.msjevany.cz\/index.php?rest_route=\/wp\/v2\/pages\/2170\/revisions"}],"predecessor-version":[{"id":6095,"href":"https:\/\/www.msjevany.cz\/index.php?rest_route=\/wp\/v2\/pages\/2170\/revisions\/6095"}],"wp:attachment":[{"href":"https:\/\/www.msjevany.cz\/index.php?rest_route=%2Fwp%2Fv2%2Fmedia&parent=2170"}],"curies":[{"name":"wp","href":"https:\/\/api.w.org\/{rel}","templated":true}]}}