{"id":31,"date":"2018-11-08T09:00:40","date_gmt":"2018-11-08T08:00:40","guid":{"rendered":"https:\/\/www.msjevany.cz\/?page_id=31"},"modified":"2025-08-29T11:51:27","modified_gmt":"2025-08-29T09:51:27","slug":"sponzori","status":"publish","type":"page","link":"https:\/\/www.msjevany.cz\/?page_id=31","title":{"rendered":"Sponzo\u0159i"},"content":{"rendered":"<p><strong>D\u011bkujeme v\u0161em sponzor\u016fm za podporu \u0161koly.<\/strong><b><\/b><\/p>\n<ul>\n<li>\u00a0<\/li>\n<\/ul>\n\n\n<p><\/p>\n","protected":false},"excerpt":{"rendered":"<p>D\u011bkujeme v\u0161em sponzor\u016fm za podporu \u0161koly. \u00a0<\/p>\n","protected":false},"author":2,"featured_media":0,"parent":0,"menu_order":5,"comment_status":"closed","ping_status":"closed","template":"","meta":{"footnotes":""},"class_list":["post-31","page","type-page","status-publish","hentry"],"_links":{"self":[{"href":"https:\/\/www.msjevany.cz\/index.php?rest_route=\/wp\/v2\/pages\/31","targetHints":{"allow":["GET"]}}],"collection":[{"href":"https:\/\/www.msjevany.cz\/index.php?rest_route=\/wp\/v2\/pages"}],"about":[{"href":"https:\/\/www.msjevany.cz\/index.php?rest_route=\/wp\/v2\/types\/page"}],"author":[{"embeddable":true,"href":"https:\/\/www.msjevany.cz\/index.php?rest_route=\/wp\/v2\/users\/2"}],"replies":[{"embeddable":true,"href":"https:\/\/www.msjevany.cz\/index.php?rest_route=%2Fwp%2Fv2%2Fcomments&post=31"}],"version-history":[{"count":20,"href":"https:\/\/www.msjevany.cz\/index.php?rest_route=\/wp\/v2\/pages\/31\/revisions"}],"predecessor-version":[{"id":6020,"href":"https:\/\/www.msjevany.cz\/index.php?rest_route=\/wp\/v2\/pages\/31\/revisions\/6020"}],"wp:attachment":[{"href":"https:\/\/www.msjevany.cz\/index.php?rest_route=%2Fwp%2Fv2%2Fmedia&parent=31"}],"curies":[{"name":"wp","href":"https:\/\/api.w.org\/{rel}","templated":true}]}}