{"id":33,"date":"2018-11-08T09:00:50","date_gmt":"2018-11-08T08:00:50","guid":{"rendered":"https:\/\/www.msjevany.cz\/?page_id=33"},"modified":"2025-08-26T12:50:36","modified_gmt":"2025-08-26T10:50:36","slug":"tridy","status":"publish","type":"page","link":"https:\/\/www.msjevany.cz\/?page_id=33","title":{"rendered":"T\u0159\u00eddy"},"content":{"rendered":"<p><strong>Provozn\u00ed hodiny \u0161koly: 7:00 &#8211; 16:30 hod.<br \/>\n<\/strong><\/p>\n<p><strong>U RYBI\u010cEK<\/strong><\/p>\n<p>T\u0159\u00eddn\u00ed u\u010ditelky: Libu\u0161e Pe\u0161atov\u00e1, Radka Dandov\u00e1<\/p>\n<p>Asistentka pedagoga: Mark\u00e9ta Pi\u0161l Svobodov\u00e1<\/p>\n<p>Provoz t\u0159\u00eddy: 7:30 &#8211; 14:30 hod.<\/p>\n<p><strong>U \u017dELVI\u010cEK<\/strong><\/p>\n<p>T\u0159\u00eddn\u00ed u\u010ditelky: Hana Mondscheinov\u00e1, Radka Arnoldov\u00e1<\/p>\n<p>Asistentka pedagoga: Veronika Fintorov\u00e1<\/p>\n<p>Provoz t\u0159\u00eddy: 7:00 &#8211; 16:30 hod.<\/p>\n<p><strong>U \u0160NE\u010cK\u016e<\/strong><\/p>\n<p>T\u0159\u00eddn\u00ed u\u010ditelky: Alena Schmidtov\u00e1, Ludmila \u010cechov\u00e1<\/p>\n<p>Provoz t\u0159\u00eddy: 7:00 &#8211; 16:30 hod.<\/p>\n<p>Po odpo\u010dinku d\u011bti ze t\u0159\u00eddy U RYBI\u010cEK p\u0159ech\u00e1zej\u00ed do t\u0159\u00eddy U \u0160NE\u010cK\u016e a U \u017dELVI\u010cEK.<\/p>\n<p>V odpoledn\u00edch hodin\u00e1ch zde prob\u00edhaj\u00ed mimo\u0161koln\u00ed aktivity.<\/p>\n","protected":false},"excerpt":{"rendered":"<p>Provozn\u00ed hodiny \u0161koly: 7:00 &#8211; 16:30 hod. U RYBI\u010cEK T\u0159\u00eddn\u00ed u\u010ditelky: Libu\u0161e Pe\u0161atov\u00e1, Radka Dandov\u00e1 Asistentka pedagoga: Mark\u00e9ta Pi\u0161l Svobodov\u00e1 Provoz t\u0159\u00eddy: 7:30 &#8211; 14:30 hod. U \u017dELVI\u010cEK T\u0159\u00eddn\u00ed u\u010ditelky: Hana Mondscheinov\u00e1, Radka Arnoldov\u00e1 Asistentka pedagoga: Veronika Fintorov\u00e1 Provoz t\u0159\u00eddy:<\/p>\n","protected":false},"author":2,"featured_media":0,"parent":29,"menu_order":2,"comment_status":"closed","ping_status":"closed","template":"","meta":{"footnotes":""},"class_list":["post-33","page","type-page","status-publish","hentry"],"_links":{"self":[{"href":"https:\/\/www.msjevany.cz\/index.php?rest_route=\/wp\/v2\/pages\/33","targetHints":{"allow":["GET"]}}],"collection":[{"href":"https:\/\/www.msjevany.cz\/index.php?rest_route=\/wp\/v2\/pages"}],"about":[{"href":"https:\/\/www.msjevany.cz\/index.php?rest_route=\/wp\/v2\/types\/page"}],"author":[{"embeddable":true,"href":"https:\/\/www.msjevany.cz\/index.php?rest_route=\/wp\/v2\/users\/2"}],"replies":[{"embeddable":true,"href":"https:\/\/www.msjevany.cz\/index.php?rest_route=%2Fwp%2Fv2%2Fcomments&post=33"}],"version-history":[{"count":18,"href":"https:\/\/www.msjevany.cz\/index.php?rest_route=\/wp\/v2\/pages\/33\/revisions"}],"predecessor-version":[{"id":5998,"href":"https:\/\/www.msjevany.cz\/index.php?rest_route=\/wp\/v2\/pages\/33\/revisions\/5998"}],"up":[{"embeddable":true,"href":"https:\/\/www.msjevany.cz\/index.php?rest_route=\/wp\/v2\/pages\/29"}],"wp:attachment":[{"href":"https:\/\/www.msjevany.cz\/index.php?rest_route=%2Fwp%2Fv2%2Fmedia&parent=33"}],"curies":[{"name":"wp","href":"https:\/\/api.w.org\/{rel}","templated":true}]}}