{"id":37,"date":"2018-11-08T09:08:46","date_gmt":"2018-11-08T08:08:46","guid":{"rendered":"https:\/\/www.msjevany.cz\/?page_id=37"},"modified":"2025-08-26T12:52:01","modified_gmt":"2025-08-26T10:52:01","slug":"kdo-se-o-nas-stara","status":"publish","type":"page","link":"https:\/\/www.msjevany.cz\/?page_id=37","title":{"rendered":"Kdo se o n\u00e1s star\u00e1"},"content":{"rendered":"<p><strong>T\u0159\u00edda U RYBI\u010cEK:<\/strong><\/p>\n<p style=\"padding-left: 30px;\">pan\u00ed u\u010ditelka Libu\u0161e Pe\u0161atov\u00e1<\/p>\n<p style=\"padding-left: 30px;\">pan\u00ed u\u010ditelka Radka Dandov\u00e1<\/p>\n<p style=\"padding-left: 30px;\">asistentka pedagoga Mark\u00e9ta Pi\u0161l Svobodov\u00e1<\/p>\n<p><strong>T\u0159\u00edda U \u017dELVI\u010cEK:<\/strong><\/p>\n<p style=\"padding-left: 30px;\">pan\u00ed u\u010ditelka Hana Mondscheinov\u00e1<\/p>\n<p style=\"text-align: left; padding-left: 30px;\">pan\u00ed u\u010ditelka Radka Arnoldov\u00e1<\/p>\n<p>\u00a0\u00a0\u00a0\u00a0\u00a0\u00a0 asistentka pedagoga Veronika Fintorov\u00e1<\/p>\n<p><strong>T\u0159\u00edda U \u0160NE\u010cK\u016e:<\/strong><\/p>\n<p style=\"padding-left: 30px;\">pan\u00ed u\u010ditelka Alena Schmidtov\u00e1<\/p>\n<p style=\"padding-left: 30px;\">pan\u00ed u\u010ditelka Ludmila \u010cechov\u00e1<\/p>\n<p style=\"text-align: left;\"><strong>Aby bylo hezky uklizeno:<\/strong><\/p>\n<p style=\"text-align: left; padding-left: 30px;\">pan\u00ed \u0161kolnice Stanislava Mal\u00e1kov\u00e1<\/p>\n<p style=\"text-align: left;\"><strong>Aby n\u00e1m chutnalo:<\/strong><\/p>\n<p style=\"text-align: left; padding-left: 30px;\">vedouc\u00ed \u0161koln\u00ed j\u00eddelny Hana Mondscheinov\u00e1<\/p>\n<p style=\"text-align: left; padding-left: 30px;\">hlavn\u00ed kucha\u0159ka Alena Dekojov\u00e1<\/p>\n\n\n<p>.<\/p>\n\n\n\n<h2 class=\"wp-block-heading\">N\u011bco nav\u00edc o na\u0161ich pan\u00ed u\u010ditelk\u00e1ch:<\/h2>\n\n\n\n<h4 class=\"wp-block-heading\"><span class=\"has-inline-color has-vivid-green-cyan-color\">Radka Dandov\u00e1<\/span><\/h4>\n\n\n\n<ul class=\"wp-block-list\"><li>VZD\u011aL\u00c1N\u00cd<ul><li>St\u0159edn\u00ed pedagogick\u00e1 \u0161kola v \u010c\u00e1slavi &#8211; obor p\u0159ed\u0161koln\u00ed pedagogika<\/li><li>Funk\u010dn\u00ed studium \u0159\u00edd\u00edc\u00edch pracovn\u00edk\u016f \u0161kol<\/li><li>Dlouhodob\u00e9 vzd\u011bl\u00e1v\u00e1n\u00ed pedagogick\u00fdch pracovn\u00edk\u016f v oblasti pedagogiky a \u0159\u00edzen\u00ed \u0161koly<\/li><\/ul><\/li><li>PRAXE<ul><li>u\u010ditelka mate\u0159sk\u00e9 \u0161koly<\/li><li>\u0159editelka mate\u0159sk\u00e9 \u0161koly<\/li><\/ul><\/li><li>ZAM\u011a\u0158EN\u00cd<ul><li>hudebn\u00ed v\u00fdchova<\/li><li>grafomotorika &#8211; stimula\u010dn\u00ed program pro p\u0159ed\u0161kol\u00e1ky Max\u00edk<\/li><\/ul><\/li><li>KON\u00cd\u010cKY<ul><li>zahradni\u010den\u00ed<\/li><li>ru\u010dn\u00ed pr\u00e1ce <\/li><li>j\u00edzda na kole<\/li><\/ul><\/li><\/ul>\n\n\n\n<h4 class=\"wp-block-heading\"><span class=\"has-inline-color has-vivid-green-cyan-color\">Alena Schmidtov\u00e1<\/span><\/h4>\n\n\n\n<ul class=\"wp-block-list\"><li>VZD\u011aL\u00c1N\u00cd<ul><li>Gymn\u00e1zium \u0158\u00ed\u010dany<\/li><li>St\u0159edn\u00ed pedagogick\u00e1 \u0161kola Praha &#8211; obor vychovatelka, u\u010ditelka mate\u0159sk\u00e9 \u0161koly<\/li><\/ul><\/li><li>PRAXE<ul><li>u\u010ditelka mate\u0159sk\u00e9 \u0161koly<\/li><\/ul><\/li><li>ZAM\u011a\u0158EN\u00cd<ul><li>t\u011bl\u011bsn\u00e1 v\u00fdchova<\/li><\/ul><\/li><li>KON\u00cd\u010cKY<ul><li>proch\u00e1zky s dom\u00e1c\u00edm mazl\u00ed\u010dkem pejskem Nickem<\/li><li>pr\u00e1ce na zahr\u00e1dce<\/li><li>relaxace p\u0159i hudb\u011b Karla Gotta<\/li><\/ul><\/li><\/ul>\n\n\n\n<h4 class=\"wp-block-heading\"><span class=\"has-inline-color has-vivid-green-cyan-color\">Libu\u0161e Pe\u0161atov\u00e1<\/span><\/h4>\n\n\n\n<ul class=\"wp-block-list\"><li>VZD\u011aL\u00c1N\u00cd<ul><li>St\u0159edn\u00ed zdravotn\u00ed \u0161kola<\/li><li>St\u0159edn\u00ed pedagogick\u00e1 \u0161kola &#8211; Futurum &#8211; n\u00e1stavbov\u00e9 studium<\/li><li>kurz model\u00e1\u017ee neht\u016f<\/li><li>cvi\u010ditelsk\u00fd kurz<\/li><li>kurz ly\u017ea\u0159sk\u00fd intruktor<\/li><\/ul><\/li><li>PRAXE<ul><li>u\u010ditelka mate\u0159sk\u00e9 \u0161koly<\/li><\/ul><\/li><li>ZAM\u011a\u0158EN\u00cd<ul><li>v\u00fdtvarn\u00e1 v\u00fdchova<\/li><li>pracovn\u00ed \u010dinnosti<\/li><li>senzomotorick\u00e9 dovednosti<\/li><li>sportovn\u00ed dovednosti<\/li><\/ul><\/li><li>KON\u00cd\u010cKY<ul><li>zahradni\u010den\u00ed<\/li><li>pohybov\u00e9 aktivity nejr\u016fzn\u011bj\u0161\u00edho zam\u011b\u0159en\u00ed &#8211; turistika, cyklistika, ly\u017eov\u00e1n\u00ed, cvi\u010den\u00ed<\/li><li>model\u00e1\u017e neht\u016f<\/li><li>cestov\u00e1n\u00ed (hrady a z\u00e1mky)<\/li><\/ul><\/li><\/ul>\n\n\n\n<h4 class=\"wp-block-heading\"><span class=\"has-inline-color has-vivid-green-cyan-color\">Hana Mondscheinov\u00e1<\/span><\/h4>\n\n\n\n<ul class=\"wp-block-list\"><li>VZD\u011aL\u00c1N\u00cd<ul><li>Gymn\u00e1zium Dr. A. Hrdli\u010dky Humpolec<\/li><\/ul><ul><li>St\u0159edn\u00ed \u0161kola informatiky a cestovn\u00edho ruchu S\u010cMSD Humpolec &#8211; obor p\u0159ed\u0161koln\u00ed a mimo\u0161koln\u00ed pedagogika (kombinovan\u00e9 studium)<\/li><\/ul><\/li><li>PRAXE<ul><li>u\u010ditelka mate\u0159sk\u00e9 \u0161koly<\/li><li>spoluzakladatelka Rodinn\u00e9ho centra Kole\u010dko<\/li><li>d\u011btsk\u00e9 letn\u00ed t\u00e1bory<\/li><\/ul><\/li><li>ZAM\u011a\u0158EN\u00cd<ul><li>environment\u00e1ln\u00ed v\u00fdchova<\/li><li>dramatick\u00e1 v\u00fdchova<\/li><\/ul><\/li><li>KON\u00cd\u010cKY<ul><li>ochotnick\u00e9 divadlo<\/li><li>cyklistika<\/li><li>cestov\u00e1n\u00ed<\/li><\/ul><\/li><\/ul>\n\n\n\n<h4 class=\"wp-block-heading\"><span class=\"has-inline-color has-vivid-green-cyan-color\">L\u00edda \u010cechov\u00e1<\/span><\/h4>\n\n\n\n<ul class=\"wp-block-list\"><li>VZD\u011aL\u00c1N\u00cd<ul><li>Vy\u0161\u0161\u00ed odborn\u00e1 \u0161kola pedagogick\u00e1 a soci\u00e1ln\u00ed v Dejvic\u00edch \u2013 obor p\u0159ed\u0161koln\u00ed a mimo\u0161koln\u00ed pedagogika<\/li><li>Kurz logopedick\u00e9ho asistenta<\/li><\/ul><\/li><li>PRAXE<ul><li>u\u010ditelka mate\u0159sk\u00e9 \u0161koly<\/li><li>D\u016fm d\u011bt\u00ed a ml\u00e1de\u017ee Uh\u0159\u00edn\u011bves, Petrovice, Hostiva\u0159 \u2013 dozor ve volno\u010dasov\u00fdch klubech a veden\u00ed z\u00e1jmov\u00fdch krou\u017ek\u016f (tanec, v\u00fdtvarn\u00e9 tvo\u0159en\u00ed), p\u0159\u00edm\u011bstsk\u00e9 t\u00e1bory<\/li><li>hl\u00edd\u00e1n\u00ed d\u011bt\u00ed<\/li><\/ul><\/li><li>ZAM\u011a\u0158EN\u00cd<ul><li>v\u00fdtvarn\u00e1 v\u00fdchova<\/li><li>hudebn\u00ed v\u00fdchova<\/li><li>logopedick\u00e1 prevence<\/li><\/ul><\/li><li>KON\u00cd\u010cKY<ul><li>hudba (hra na kytaru \/ ukulele, zp\u011bv, koncerty, muzik\u00e1ly)<\/li><li>tvo\u0159en\u00ed<\/li><li>cestov\u00e1n\u00ed<\/li><li>\u010detba knih<\/li><\/ul><\/li><\/ul>\n\n\n\n<h4 class=\"wp-block-heading\"><span class=\"has-inline-color has-vivid-green-cyan-color\">Radka Arnoldov\u00e1<\/span><\/h4>\n\n\n\n<ul class=\"wp-block-list\"><li>VZD\u011aL\u00c1N\u00cd<ul><li>St\u0159edn\u00ed \u0161kola pedagogick\u00e1 Nov\u00e1 Paka \u2013 obor p\u0159ed\u0161koln\u00ed a mimo\u0161koln\u00ed pedagogika<\/li><li>Vy\u0161\u0161\u00ed odborn\u00e1 \u0161kola pedagogick\u00e1 a soci\u00e1ln\u00ed v Dejvic\u00edch<\/li><li>Univerzita Karlova v Praze, Husitsk\u00e1 teologick\u00e1 fakulta, obor soci\u00e1ln\u00ed pedagogika<\/li><\/ul><\/li><li>PRAXE<ul><li>hl\u00edd\u00e1n\u00ed d\u011bt\u00ed<\/li><li>ergoterapeutka v alzheimercentru<\/li><li>u\u010ditelka mate\u0159sk\u00e9 \u0161koly<\/li><\/ul><\/li><li>ZAM\u011a\u0158EN\u00cd<ul><li>v\u00fdtvarn\u00e1 v\u00fdchova<\/li><li>pracovn\u00ed \u010dinnosti<\/li><li>kreativn\u00ed pr\u00e1ce<\/li><\/ul><\/li><li>KON\u00cd\u010cKY<ul><li>malov\u00e1n\u00ed<\/li><li>\u0161it\u00ed<\/li><li>p\u0159\u00edroda<\/li><\/ul><\/li><\/ul>\n","protected":false},"excerpt":{"rendered":"<p>T\u0159\u00edda U RYBI\u010cEK: pan\u00ed u\u010ditelka Libu\u0161e Pe\u0161atov\u00e1 pan\u00ed u\u010ditelka Radka Dandov\u00e1 asistentka pedagoga Mark\u00e9ta Pi\u0161l Svobodov\u00e1 T\u0159\u00edda U \u017dELVI\u010cEK: pan\u00ed u\u010ditelka Hana Mondscheinov\u00e1 pan\u00ed u\u010ditelka Radka Arnoldov\u00e1 \u00a0\u00a0\u00a0\u00a0\u00a0\u00a0 asistentka pedagoga Veronika Fintorov\u00e1 T\u0159\u00edda U \u0160NE\u010cK\u016e: pan\u00ed u\u010ditelka Alena Schmidtov\u00e1 pan\u00ed<\/p>\n","protected":false},"author":2,"featured_media":0,"parent":29,"menu_order":11,"comment_status":"closed","ping_status":"closed","template":"","meta":{"footnotes":""},"class_list":["post-37","page","type-page","status-publish","hentry"],"_links":{"self":[{"href":"https:\/\/www.msjevany.cz\/index.php?rest_route=\/wp\/v2\/pages\/37","targetHints":{"allow":["GET"]}}],"collection":[{"href":"https:\/\/www.msjevany.cz\/index.php?rest_route=\/wp\/v2\/pages"}],"about":[{"href":"https:\/\/www.msjevany.cz\/index.php?rest_route=\/wp\/v2\/types\/page"}],"author":[{"embeddable":true,"href":"https:\/\/www.msjevany.cz\/index.php?rest_route=\/wp\/v2\/users\/2"}],"replies":[{"embeddable":true,"href":"https:\/\/www.msjevany.cz\/index.php?rest_route=%2Fwp%2Fv2%2Fcomments&post=37"}],"version-history":[{"count":33,"href":"https:\/\/www.msjevany.cz\/index.php?rest_route=\/wp\/v2\/pages\/37\/revisions"}],"predecessor-version":[{"id":5999,"href":"https:\/\/www.msjevany.cz\/index.php?rest_route=\/wp\/v2\/pages\/37\/revisions\/5999"}],"up":[{"embeddable":true,"href":"https:\/\/www.msjevany.cz\/index.php?rest_route=\/wp\/v2\/pages\/29"}],"wp:attachment":[{"href":"https:\/\/www.msjevany.cz\/index.php?rest_route=%2Fwp%2Fv2%2Fmedia&parent=37"}],"curies":[{"name":"wp","href":"https:\/\/api.w.org\/{rel}","templated":true}]}}